{"id":2410,"date":"2025-06-14T19:58:49","date_gmt":"2025-06-14T18:58:49","guid":{"rendered":"https:\/\/laingenierapoeta.com\/?page_id=2410"},"modified":"2025-06-16T18:59:58","modified_gmt":"2025-06-16T17:59:58","slug":"eg-rec-letters","status":"publish","type":"page","link":"https:\/\/laingenierapoeta.com\/index.php\/ingenieria\/eg-rec-letters\/","title":{"rendered":"Recommendation Letters"},"content":{"rendered":"\t\t<div data-elementor-type=\"wp-page\" data-elementor-id=\"2410\" class=\"elementor elementor-2410\">\n\t\t\t\t\t\t<section class=\"elementor-section elementor-top-section elementor-element elementor-element-544c77fa elementor-section-boxed elementor-section-height-default elementor-section-height-default\" data-id=\"544c77fa\" data-element_type=\"section\">\n\t\t\t\t\t\t<div class=\"elementor-container elementor-column-gap-default\">\n\t\t\t\t\t<div class=\"elementor-column elementor-col-100 elementor-top-column elementor-element elementor-element-294cedc4\" data-id=\"294cedc4\" data-element_type=\"column\">\n\t\t\t<div class=\"elementor-widget-wrap elementor-element-populated\">\n\t\t\t\t\t\t<div class=\"elementor-element elementor-element-6605f709 animated-slow elementor-invisible elementor-widget elementor-widget-heading\" data-id=\"6605f709\" data-element_type=\"widget\" data-settings=\"{&quot;_animation&quot;:&quot;fadeInUp&quot;,&quot;_animation_delay&quot;:100}\" data-widget_type=\"heading.default\">\n\t\t\t\t<div class=\"elementor-widget-container\">\n\t\t\t\t\t<h2 class=\"elementor-heading-title elementor-size-default\">Letters of Recommendation<\/h2>\t\t\t\t<\/div>\n\t\t\t\t<\/div>\n\t\t\t\t<div class=\"elementor-element elementor-element-703dfa75 animated-slow elementor-invisible elementor-widget elementor-widget-heading\" data-id=\"703dfa75\" data-element_type=\"widget\" data-settings=\"{&quot;_animation&quot;:&quot;fadeInUp&quot;}\" data-widget_type=\"heading.default\">\n\t\t\t\t<div class=\"elementor-widget-container\">\n\t\t\t\t\t<h2 class=\"elementor-heading-title elementor-size-default\"> Signed by professors and supervisors<\/h2>\t\t\t\t<\/div>\n\t\t\t\t<\/div>\n\t\t\t\t<section class=\"elementor-section elementor-inner-section elementor-element elementor-element-1556d761 elementor-section-content-middle elementor-section-boxed elementor-section-height-default elementor-section-height-default\" data-id=\"1556d761\" data-element_type=\"section\">\n\t\t\t\t\t\t<div class=\"elementor-container elementor-column-gap-extended\">\n\t\t\t\t\t<div class=\"elementor-column elementor-col-50 elementor-inner-column elementor-element elementor-element-22bc339\" data-id=\"22bc339\" data-element_type=\"column\">\n\t\t\t<div class=\"elementor-widget-wrap elementor-element-populated\">\n\t\t\t\t\t\t<div class=\"elementor-element elementor-element-45dea617 elementor-widget elementor-widget-testimonial\" data-id=\"45dea617\" data-element_type=\"widget\" data-widget_type=\"testimonial.default\">\n\t\t\t\t<div class=\"elementor-widget-container\">\n\t\t\t\t\t\t\t<div class=\"elementor-testimonial-wrapper\">\n\t\t\t\t\t\t\t<div class=\"elementor-testimonial-content\"><p><strong>Recomendaci\u00f3n para Carmen Murcia<\/strong><\/p>\n\n<p style=\"text-align: justify\">Durante 2024, Carmen trabaj\u00f3 como <strong>Ingeniera de Eficiencia Energ\u00e9tica<\/strong> en nuestra planta de Sarri\u00e0 de Ter, demostrando <strong>gran capacidad t\u00e9cnica<\/strong> y un <strong>desempe\u00f1o excelente<\/strong>. Logr\u00f3 una <strong>reducci\u00f3n del 15% en el gasto el\u00e9ctrico<\/strong> mediante control diario y propuestas pr\u00e1cticas, adem\u00e1s de preparar auditor\u00edas para la certificaci\u00f3n <strong>ISO 50001<\/strong>.<\/p>\n\n<p style=\"text-align: justify\">Su <strong>conocimiento experto<\/strong> en consumos el\u00e9ctricos, eficiencia energ\u00e9tica y sistemas de vapor, junto con su <strong>habilidad para comunicarse y coordinar<\/strong> con todos los equipos, fueron clave para el \u00e9xito del proyecto. Carmen mostr\u00f3 un <strong>alto compromiso con la calidad, seguridad y resultados tangibles<\/strong>.<\/p>\n\n<p style=\"text-align: justify\"><strong>Recomiendo a Carmen sin dudarlo<\/strong>, ya que fue fundamental para mejorar nuestros n\u00fameros y aport\u00f3 siempre una <strong>actitud positiva para resolver problemas t\u00e9cnicos<\/strong>. Estoy seguro de que ser\u00e1 un gran aporte en cualquier organizaci\u00f3n.<\/p>\n\n<\/div>\n\t\t\t\n\t\t\t\t\t\t<div class=\"elementor-testimonial-meta elementor-has-image elementor-testimonial-image-position-aside\">\n\t\t\t\t<div class=\"elementor-testimonial-meta-inner\">\n\t\t\t\t\t\t\t\t\t\t\t<div class=\"elementor-testimonial-image\">\n\t\t\t\t\t\t\t<img decoding=\"async\" width=\"150\" height=\"150\" src=\"https:\/\/laingenierapoeta.com\/wp-content\/uploads\/2025\/06\/logo-H-150x150.jpg\" class=\"attachment-thumbnail size-thumbnail wp-image-2419\" alt=\"\" srcset=\"https:\/\/laingenierapoeta.com\/wp-content\/uploads\/2025\/06\/logo-H-150x150.jpg 150w, https:\/\/laingenierapoeta.com\/wp-content\/uploads\/2025\/06\/logo-H-300x300.jpg 300w, https:\/\/laingenierapoeta.com\/wp-content\/uploads\/2025\/06\/logo-H.jpg 400w\" sizes=\"(max-width: 150px) 100vw, 150px\" \/>\t\t\t\t\t\t<\/div>\n\t\t\t\t\t\n\t\t\t\t\t\t\t\t\t\t<div class=\"elementor-testimonial-details\">\n\t\t\t\t\t\t\t\t\t\t\t\t\t\t<div class=\"elementor-testimonial-name\">Adri\u00e1n garrido<\/div>\n\t\t\t\t\t\t\t\t\t\t\t\t\t\t\t\t\t\t\t\t\t\t<div class=\"elementor-testimonial-job\">Coordinador de Producci\u00f3n - Divisi\u00f3n Papel \u2013 Grupo Hinojosa<\/div>\n\t\t\t\t\t\t\t\t\t\t\t\t\t<\/div>\n\t\t\t\t\t\t\t\t\t<\/div>\n\t\t\t<\/div>\n\t\t\t\t\t<\/div>\n\t\t\t\t\t\t<\/div>\n\t\t\t\t<\/div>\n\t\t\t\t\t<\/div>\n\t\t<\/div>\n\t\t\t\t<div class=\"elementor-column elementor-col-50 elementor-inner-column elementor-element elementor-element-13e020d3\" data-id=\"13e020d3\" data-element_type=\"column\">\n\t\t\t<div class=\"elementor-widget-wrap elementor-element-populated\">\n\t\t\t\t\t\t<div class=\"elementor-element elementor-element-7ec1917d elementor-widget elementor-widget-testimonial\" data-id=\"7ec1917d\" data-element_type=\"widget\" data-widget_type=\"testimonial.default\">\n\t\t\t\t<div class=\"elementor-widget-container\">\n\t\t\t\t\t\t\t<div class=\"elementor-testimonial-wrapper\">\n\t\t\t\t\t\t\t<div class=\"elementor-testimonial-content\">\u00ab Durant la p\u00e9riode o\u00f9 Carmen Teresa a fait partie de l\u2019\u00e9quipe, elle a d\u00e9montr\u00e9 une attitude tr\u00e8s proactive, anticipant les probl\u00e8mes et proposant des solutions innovantes qui ont apport\u00e9 une r\u00e9elle valeur ajout\u00e9e au projet. \u00bb<\/div>\n\t\t\t\n\t\t\t\t\t\t<div class=\"elementor-testimonial-meta elementor-has-image elementor-testimonial-image-position-aside\">\n\t\t\t\t<div class=\"elementor-testimonial-meta-inner\">\n\t\t\t\t\t\t\t\t\t\t\t<div class=\"elementor-testimonial-image\">\n\t\t\t\t\t\t\t<img decoding=\"async\" width=\"150\" height=\"150\" src=\"https:\/\/laingenierapoeta.com\/wp-content\/uploads\/2025\/06\/logo-H-150x150.jpg\" class=\"attachment-thumbnail size-thumbnail wp-image-2419\" alt=\"\" srcset=\"https:\/\/laingenierapoeta.com\/wp-content\/uploads\/2025\/06\/logo-H-150x150.jpg 150w, https:\/\/laingenierapoeta.com\/wp-content\/uploads\/2025\/06\/logo-H-300x300.jpg 300w, https:\/\/laingenierapoeta.com\/wp-content\/uploads\/2025\/06\/logo-H.jpg 400w\" sizes=\"(max-width: 150px) 100vw, 150px\" \/>\t\t\t\t\t\t<\/div>\n\t\t\t\t\t\n\t\t\t\t\t\t\t\t\t\t<div class=\"elementor-testimonial-details\">\n\t\t\t\t\t\t\t\t\t\t\t\t\t\t<div class=\"elementor-testimonial-name\">Manuel Moya<\/div>\n\t\t\t\t\t\t\t\t\t\t\t\t\t\t\t\t\t\t\t\t\t\t<div class=\"elementor-testimonial-job\">Responsable de l'Organisation . Division Papier - Groupe Hinojosa - Allard Emballages<\/div>\n\t\t\t\t\t\t\t\t\t\t\t\t\t<\/div>\n\t\t\t\t\t\t\t\t\t<\/div>\n\t\t\t<\/div>\n\t\t\t\t\t<\/div>\n\t\t\t\t\t\t<\/div>\n\t\t\t\t<\/div>\n\t\t\t\t<div class=\"elementor-element elementor-element-f5afc14 elementor-widget elementor-widget-testimonial\" data-id=\"f5afc14\" data-element_type=\"widget\" data-widget_type=\"testimonial.default\">\n\t\t\t\t<div class=\"elementor-widget-container\">\n\t\t\t\t\t\t\t<div class=\"elementor-testimonial-wrapper\">\n\t\t\t\t\t\t\t<div class=\"elementor-testimonial-content\">\u00ab It\u2019s my pleasure to recommend Ms. Carmen Murcia, who stood out among 88 students for her mature attitude, excellent academic results in the top quartile, and genuine interest in environmental engineering. \u00bb<\/div>\n\t\t\t\n\t\t\t\t\t\t<div class=\"elementor-testimonial-meta elementor-has-image elementor-testimonial-image-position-aside\">\n\t\t\t\t<div class=\"elementor-testimonial-meta-inner\">\n\t\t\t\t\t\t\t\t\t\t\t<div class=\"elementor-testimonial-image\">\n\t\t\t\t\t\t\t<img decoding=\"async\" width=\"150\" height=\"150\" src=\"https:\/\/laingenierapoeta.com\/wp-content\/uploads\/2025\/06\/uab-logo1-150x150.png\" class=\"attachment-thumbnail size-thumbnail wp-image-2421\" alt=\"\" srcset=\"https:\/\/laingenierapoeta.com\/wp-content\/uploads\/2025\/06\/uab-logo1-150x150.png 150w, https:\/\/laingenierapoeta.com\/wp-content\/uploads\/2025\/06\/elementor\/thumbs\/uab-logo1-r7b4zu7oerlbctzsk2ths4hfevczf3ym92xh1nojqg.png 100w, https:\/\/laingenierapoeta.com\/wp-content\/uploads\/2025\/06\/uab-logo1.png 185w\" sizes=\"(max-width: 150px) 100vw, 150px\" \/>\t\t\t\t\t\t<\/div>\n\t\t\t\t\t\n\t\t\t\t\t\t\t\t\t\t<div class=\"elementor-testimonial-details\">\n\t\t\t\t\t\t\t\t\t\t\t\t\t\t<div class=\"elementor-testimonial-name\">Professor Teresa Gea<\/div>\n\t\t\t\t\t\t\t\t\t\t\t\t\t\t\t\t\t\t\t\t\t\t<div class=\"elementor-testimonial-job\">Chemical, Biological and Environmental Engineering Department<\/div>\n\t\t\t\t\t\t\t\t\t\t\t\t\t<\/div>\n\t\t\t\t\t\t\t\t\t<\/div>\n\t\t\t<\/div>\n\t\t\t\t\t<\/div>\n\t\t\t\t\t\t<\/div>\n\t\t\t\t<\/div>\n\t\t\t\t<div class=\"elementor-element elementor-element-18f3392c elementor-widget elementor-widget-testimonial\" data-id=\"18f3392c\" data-element_type=\"widget\" data-widget_type=\"testimonial.default\">\n\t\t\t\t<div class=\"elementor-widget-container\">\n\t\t\t\t\t\t\t<div class=\"elementor-testimonial-wrapper\">\n\t\t\t\t\t\t\t<div class=\"elementor-testimonial-content\">\u00ab Carme is an ambitious and driven student who played a crucial role in her final project, demonstrating strong leadership, excellent communication skills, and a deep understanding of Risk Management Techniques (HAZOP). \u00bb<\/div>\n\t\t\t\n\t\t\t\t\t\t<div class=\"elementor-testimonial-meta elementor-has-image elementor-testimonial-image-position-aside\">\n\t\t\t\t<div class=\"elementor-testimonial-meta-inner\">\n\t\t\t\t\t\t\t\t\t\t\t<div class=\"elementor-testimonial-image\">\n\t\t\t\t\t\t\t<img decoding=\"async\" width=\"150\" height=\"150\" src=\"https:\/\/laingenierapoeta.com\/wp-content\/uploads\/2025\/06\/uab-logo1-150x150.png\" class=\"attachment-thumbnail size-thumbnail wp-image-2421\" alt=\"\" srcset=\"https:\/\/laingenierapoeta.com\/wp-content\/uploads\/2025\/06\/uab-logo1-150x150.png 150w, https:\/\/laingenierapoeta.com\/wp-content\/uploads\/2025\/06\/elementor\/thumbs\/uab-logo1-r7b4zu7oerlbctzsk2ths4hfevczf3ym92xh1nojqg.png 100w, https:\/\/laingenierapoeta.com\/wp-content\/uploads\/2025\/06\/uab-logo1.png 185w\" sizes=\"(max-width: 150px) 100vw, 150px\" \/>\t\t\t\t\t\t<\/div>\n\t\t\t\t\t\n\t\t\t\t\t\t\t\t\t\t<div class=\"elementor-testimonial-details\">\n\t\t\t\t\t\t\t\t\t\t\t\t\t\t<div class=\"elementor-testimonial-name\">Rafael Bosch Palacios<\/div>\n\t\t\t\t\t\t\t\t\t\t\t\t\t\t\t\t\t\t\t\t\t\t<div class=\"elementor-testimonial-job\">Chemical Engineer<\/div>\n\t\t\t\t\t\t\t\t\t\t\t\t\t<\/div>\n\t\t\t\t\t\t\t\t\t<\/div>\n\t\t\t<\/div>\n\t\t\t\t\t<\/div>\n\t\t\t\t\t\t<\/div>\n\t\t\t\t<\/div>\n\t\t\t\t\t<\/div>\n\t\t<\/div>\n\t\t\t\t\t<\/div>\n\t\t<\/section>\n\t\t\t\t\t<\/div>\n\t\t<\/div>\n\t\t\t\t\t<\/div>\n\t\t<\/section>\n\t\t\t\t<\/div>\n\t\t","protected":false},"excerpt":{"rendered":"<p>Letters of Recommendation Signed by professors and supervisors Recomendaci\u00f3n para Carmen Murcia Durante 2024, Carmen trabaj\u00f3 como Ingeniera de Eficiencia Energ\u00e9tica en nuestra planta de Sarri\u00e0 de Ter, demostrando gran capacidad t\u00e9cnica y un desempe\u00f1o excelente. Logr\u00f3 una reducci\u00f3n del 15% en el gasto el\u00e9ctrico mediante control diario y propuestas pr\u00e1cticas, adem\u00e1s de preparar auditor\u00edas &hellip;<\/p>\n<p class=\"read-more\"> <a class=\"\" href=\"https:\/\/laingenierapoeta.com\/index.php\/ingenieria\/eg-rec-letters\/\"> <span class=\"screen-reader-text\">Recommendation Letters<\/span> Leer m\u00e1s &raquo;<\/a><\/p>\n","protected":false},"author":1,"featured_media":0,"parent":244,"menu_order":0,"comment_status":"closed","ping_status":"closed","template":"","meta":{"_eb_attr":"","_uag_custom_page_level_css":"","site-sidebar-layout":"no-sidebar","site-content-layout":"page-builder","ast-global-header-display":"","ast-main-header-display":"","ast-hfb-above-header-display":"","ast-hfb-below-header-display":"","ast-hfb-mobile-header-display":"","site-post-title":"disabled","ast-breadcrumbs-content":"","ast-featured-img":"disabled","footer-sml-layout":"","theme-transparent-header-meta":"","adv-header-id-meta":"","stick-header-meta":"","header-above-stick-meta":"","header-main-stick-meta":"","header-below-stick-meta":"","footnotes":""},"class_list":["post-2410","page","type-page","status-publish","hentry"],"uagb_featured_image_src":{"full":false,"thumbnail":false,"medium":false,"medium_large":false,"large":false,"1536x1536":false,"2048x2048":false},"uagb_author_info":{"display_name":"la ingeniera poeta","author_link":"https:\/\/laingenierapoeta.com\/index.php\/author\/remordelrio\/"},"uagb_comment_info":0,"uagb_excerpt":"Letters of Recommendation Signed by professors and supervisors Recomendaci\u00f3n para Carmen Murcia Durante 2024, Carmen trabaj\u00f3 como Ingeniera de Eficiencia Energ\u00e9tica en nuestra planta de Sarri\u00e0 de Ter, demostrando gran capacidad t\u00e9cnica y un desempe\u00f1o excelente. Logr\u00f3 una reducci\u00f3n del 15% en el gasto el\u00e9ctrico mediante control diario y propuestas pr\u00e1cticas, adem\u00e1s de preparar auditor\u00edas&hellip;","_links":{"self":[{"href":"https:\/\/laingenierapoeta.com\/index.php\/wp-json\/wp\/v2\/pages\/2410","targetHints":{"allow":["GET"]}}],"collection":[{"href":"https:\/\/laingenierapoeta.com\/index.php\/wp-json\/wp\/v2\/pages"}],"about":[{"href":"https:\/\/laingenierapoeta.com\/index.php\/wp-json\/wp\/v2\/types\/page"}],"author":[{"embeddable":true,"href":"https:\/\/laingenierapoeta.com\/index.php\/wp-json\/wp\/v2\/users\/1"}],"replies":[{"embeddable":true,"href":"https:\/\/laingenierapoeta.com\/index.php\/wp-json\/wp\/v2\/comments?post=2410"}],"version-history":[{"count":21,"href":"https:\/\/laingenierapoeta.com\/index.php\/wp-json\/wp\/v2\/pages\/2410\/revisions"}],"predecessor-version":[{"id":2470,"href":"https:\/\/laingenierapoeta.com\/index.php\/wp-json\/wp\/v2\/pages\/2410\/revisions\/2470"}],"up":[{"embeddable":true,"href":"https:\/\/laingenierapoeta.com\/index.php\/wp-json\/wp\/v2\/pages\/244"}],"wp:attachment":[{"href":"https:\/\/laingenierapoeta.com\/index.php\/wp-json\/wp\/v2\/media?parent=2410"}],"curies":[{"name":"wp","href":"https:\/\/api.w.org\/{rel}","templated":true}]}}